{"id":8957,"date":"2020-02-15T21:23:10","date_gmt":"2020-02-15T21:23:10","guid":{"rendered":"https:\/\/www.ergagranit.com.tr\/magaza\/?post_type=product&#038;p=8957"},"modified":"2020-02-15T21:23:22","modified_gmt":"2020-02-15T21:23:22","slug":"andezit-plak-kumlu","status":"publish","type":"product","link":"https:\/\/www.ergagranit.com.tr\/magaza\/urun\/andezit-plak-kumlu\/","title":{"rendered":"Andezit Plak Kumlu"},"content":{"rendered":"","protected":false},"excerpt":{"rendered":"","protected":false},"featured_media":8780,"comment_status":"open","ping_status":"closed","template":"","meta":[],"class_list":["post-8957","product","type-product","status-publish","has-post-thumbnail","hentry","product_cat-andezit-urunler"],"yoast_head":"<!-- This site is optimized with the Yoast SEO plugin v22.7 - https:\/\/yoast.com\/wordpress\/plugins\/seo\/ -->\n<title>Andezit Plak Kumlu - Erga Granit Ma\u011faza<\/title>\n<meta name=\"robots\" content=\"index, follow, max-snippet:-1, max-image-preview:large, max-video-preview:-1\" \/>\n<link rel=\"canonical\" href=\"https:\/\/www.ergagranit.com.tr\/magaza\/urun\/andezit-plak-kumlu\/\" \/>\n<meta property=\"og:locale\" content=\"tr_TR\" \/>\n<meta property=\"og:type\" content=\"article\" \/>\n<meta property=\"og:title\" content=\"Andezit Plak Kumlu - Erga Granit Ma\u011faza\" \/>\n<meta property=\"og:url\" content=\"https:\/\/www.ergagranit.com.tr\/magaza\/urun\/andezit-plak-kumlu\/\" \/>\n<meta property=\"og:site_name\" content=\"Erga Granit Ma\u011faza\" \/>\n<meta property=\"article:publisher\" content=\"https:\/\/www.facebook.com\/ergagranit\" \/>\n<meta property=\"article:modified_time\" content=\"2020-02-15T21:23:22+00:00\" \/>\n<meta property=\"og:image\" content=\"https:\/\/www.ergagranit.com.tr\/magaza\/wp-content\/uploads\/2020\/02\/3c194ced-a0c7-4b0f-8307-465aedc933af.jpeg\" \/>\n\t<meta property=\"og:image:width\" content=\"600\" \/>\n\t<meta property=\"og:image:height\" content=\"400\" \/>\n\t<meta property=\"og:image:type\" content=\"image\/jpeg\" \/>\n<meta name=\"twitter:card\" content=\"summary_large_image\" \/>\n<meta name=\"twitter:site\" content=\"@ergagranit\" \/>\n<script type=\"application\/ld+json\" class=\"yoast-schema-graph\">{\"@context\":\"https:\/\/schema.org\",\"@graph\":[{\"@type\":\"WebPage\",\"@id\":\"https:\/\/www.ergagranit.com.tr\/magaza\/urun\/andezit-plak-kumlu\/\",\"url\":\"https:\/\/www.ergagranit.com.tr\/magaza\/urun\/andezit-plak-kumlu\/\",\"name\":\"Andezit Plak Kumlu - Erga Granit Ma\u011faza\",\"isPartOf\":{\"@id\":\"https:\/\/www.ergagranit.com.tr\/magaza\/#website\"},\"primaryImageOfPage\":{\"@id\":\"https:\/\/www.ergagranit.com.tr\/magaza\/urun\/andezit-plak-kumlu\/#primaryimage\"},\"image\":{\"@id\":\"https:\/\/www.ergagranit.com.tr\/magaza\/urun\/andezit-plak-kumlu\/#primaryimage\"},\"thumbnailUrl\":\"https:\/\/www.ergagranit.com.tr\/magaza\/wp-content\/uploads\/2020\/02\/3c194ced-a0c7-4b0f-8307-465aedc933af.jpeg\",\"datePublished\":\"2020-02-15T21:23:10+00:00\",\"dateModified\":\"2020-02-15T21:23:22+00:00\",\"breadcrumb\":{\"@id\":\"https:\/\/www.ergagranit.com.tr\/magaza\/urun\/andezit-plak-kumlu\/#breadcrumb\"},\"inLanguage\":\"tr\",\"potentialAction\":[{\"@type\":\"ReadAction\",\"target\":[\"https:\/\/www.ergagranit.com.tr\/magaza\/urun\/andezit-plak-kumlu\/\"]}]},{\"@type\":\"ImageObject\",\"inLanguage\":\"tr\",\"@id\":\"https:\/\/www.ergagranit.com.tr\/magaza\/urun\/andezit-plak-kumlu\/#primaryimage\",\"url\":\"https:\/\/www.ergagranit.com.tr\/magaza\/wp-content\/uploads\/2020\/02\/3c194ced-a0c7-4b0f-8307-465aedc933af.jpeg\",\"contentUrl\":\"https:\/\/www.ergagranit.com.tr\/magaza\/wp-content\/uploads\/2020\/02\/3c194ced-a0c7-4b0f-8307-465aedc933af.jpeg\",\"width\":600,\"height\":400},{\"@type\":\"BreadcrumbList\",\"@id\":\"https:\/\/www.ergagranit.com.tr\/magaza\/urun\/andezit-plak-kumlu\/#breadcrumb\",\"itemListElement\":[{\"@type\":\"ListItem\",\"position\":1,\"name\":\"Anasayfa\",\"item\":\"https:\/\/www.ergagranit.com.tr\/magaza\/\"},{\"@type\":\"ListItem\",\"position\":2,\"name\":\"Ma\u011faza\",\"item\":\"https:\/\/www.ergagranit.com.tr\/magaza\/urunler\/\"},{\"@type\":\"ListItem\",\"position\":3,\"name\":\"Andezit Plak Kumlu\"}]},{\"@type\":\"WebSite\",\"@id\":\"https:\/\/www.ergagranit.com.tr\/magaza\/#website\",\"url\":\"https:\/\/www.ergagranit.com.tr\/magaza\/\",\"name\":\"Erga Granit Ma\u011faza\",\"description\":\"Online Al\u0131\u015fveri\u015f Yap\u0131n\",\"publisher\":{\"@id\":\"https:\/\/www.ergagranit.com.tr\/magaza\/#organization\"},\"potentialAction\":[{\"@type\":\"SearchAction\",\"target\":{\"@type\":\"EntryPoint\",\"urlTemplate\":\"https:\/\/www.ergagranit.com.tr\/magaza\/?s={search_term_string}\"},\"query-input\":\"required name=search_term_string\"}],\"inLanguage\":\"tr\"},{\"@type\":\"Organization\",\"@id\":\"https:\/\/www.ergagranit.com.tr\/magaza\/#organization\",\"name\":\"Erga Granit Madencilik Sanayi Tic Ltd \u015eti.\",\"url\":\"https:\/\/www.ergagranit.com.tr\/magaza\/\",\"logo\":{\"@type\":\"ImageObject\",\"inLanguage\":\"tr\",\"@id\":\"https:\/\/www.ergagranit.com.tr\/magaza\/#\/schema\/logo\/image\/\",\"url\":\"https:\/\/www.ergagranit.com.tr\/magaza\/wp-content\/uploads\/2021\/01\/erga-madencilik.png\",\"contentUrl\":\"https:\/\/www.ergagranit.com.tr\/magaza\/wp-content\/uploads\/2021\/01\/erga-madencilik.png\",\"width\":402,\"height\":304,\"caption\":\"Erga Granit Madencilik Sanayi Tic Ltd \u015eti.\"},\"image\":{\"@id\":\"https:\/\/www.ergagranit.com.tr\/magaza\/#\/schema\/logo\/image\/\"},\"sameAs\":[\"https:\/\/www.facebook.com\/ergagranit\",\"https:\/\/x.com\/ergagranit\",\"https:\/\/www.instagram.com\/ergagranit\/\"]}]}<\/script>\n<!-- \/ Yoast SEO plugin. -->","yoast_head_json":{"title":"Andezit Plak Kumlu - Erga Granit Ma\u011faza","robots":{"index":"index","follow":"follow","max-snippet":"max-snippet:-1","max-image-preview":"max-image-preview:large","max-video-preview":"max-video-preview:-1"},"canonical":"https:\/\/www.ergagranit.com.tr\/magaza\/urun\/andezit-plak-kumlu\/","og_locale":"tr_TR","og_type":"article","og_title":"Andezit Plak Kumlu - Erga Granit Ma\u011faza","og_url":"https:\/\/www.ergagranit.com.tr\/magaza\/urun\/andezit-plak-kumlu\/","og_site_name":"Erga Granit Ma\u011faza","article_publisher":"https:\/\/www.facebook.com\/ergagranit","article_modified_time":"2020-02-15T21:23:22+00:00","og_image":[{"width":600,"height":400,"url":"https:\/\/www.ergagranit.com.tr\/magaza\/wp-content\/uploads\/2020\/02\/3c194ced-a0c7-4b0f-8307-465aedc933af.jpeg","type":"image\/jpeg"}],"twitter_card":"summary_large_image","twitter_site":"@ergagranit","schema":{"@context":"https:\/\/schema.org","@graph":[{"@type":"WebPage","@id":"https:\/\/www.ergagranit.com.tr\/magaza\/urun\/andezit-plak-kumlu\/","url":"https:\/\/www.ergagranit.com.tr\/magaza\/urun\/andezit-plak-kumlu\/","name":"Andezit Plak Kumlu - Erga Granit Ma\u011faza","isPartOf":{"@id":"https:\/\/www.ergagranit.com.tr\/magaza\/#website"},"primaryImageOfPage":{"@id":"https:\/\/www.ergagranit.com.tr\/magaza\/urun\/andezit-plak-kumlu\/#primaryimage"},"image":{"@id":"https:\/\/www.ergagranit.com.tr\/magaza\/urun\/andezit-plak-kumlu\/#primaryimage"},"thumbnailUrl":"https:\/\/www.ergagranit.com.tr\/magaza\/wp-content\/uploads\/2020\/02\/3c194ced-a0c7-4b0f-8307-465aedc933af.jpeg","datePublished":"2020-02-15T21:23:10+00:00","dateModified":"2020-02-15T21:23:22+00:00","breadcrumb":{"@id":"https:\/\/www.ergagranit.com.tr\/magaza\/urun\/andezit-plak-kumlu\/#breadcrumb"},"inLanguage":"tr","potentialAction":[{"@type":"ReadAction","target":["https:\/\/www.ergagranit.com.tr\/magaza\/urun\/andezit-plak-kumlu\/"]}]},{"@type":"ImageObject","inLanguage":"tr","@id":"https:\/\/www.ergagranit.com.tr\/magaza\/urun\/andezit-plak-kumlu\/#primaryimage","url":"https:\/\/www.ergagranit.com.tr\/magaza\/wp-content\/uploads\/2020\/02\/3c194ced-a0c7-4b0f-8307-465aedc933af.jpeg","contentUrl":"https:\/\/www.ergagranit.com.tr\/magaza\/wp-content\/uploads\/2020\/02\/3c194ced-a0c7-4b0f-8307-465aedc933af.jpeg","width":600,"height":400},{"@type":"BreadcrumbList","@id":"https:\/\/www.ergagranit.com.tr\/magaza\/urun\/andezit-plak-kumlu\/#breadcrumb","itemListElement":[{"@type":"ListItem","position":1,"name":"Anasayfa","item":"https:\/\/www.ergagranit.com.tr\/magaza\/"},{"@type":"ListItem","position":2,"name":"Ma\u011faza","item":"https:\/\/www.ergagranit.com.tr\/magaza\/urunler\/"},{"@type":"ListItem","position":3,"name":"Andezit Plak Kumlu"}]},{"@type":"WebSite","@id":"https:\/\/www.ergagranit.com.tr\/magaza\/#website","url":"https:\/\/www.ergagranit.com.tr\/magaza\/","name":"Erga Granit Ma\u011faza","description":"Online Al\u0131\u015fveri\u015f Yap\u0131n","publisher":{"@id":"https:\/\/www.ergagranit.com.tr\/magaza\/#organization"},"potentialAction":[{"@type":"SearchAction","target":{"@type":"EntryPoint","urlTemplate":"https:\/\/www.ergagranit.com.tr\/magaza\/?s={search_term_string}"},"query-input":"required name=search_term_string"}],"inLanguage":"tr"},{"@type":"Organization","@id":"https:\/\/www.ergagranit.com.tr\/magaza\/#organization","name":"Erga Granit Madencilik Sanayi Tic Ltd \u015eti.","url":"https:\/\/www.ergagranit.com.tr\/magaza\/","logo":{"@type":"ImageObject","inLanguage":"tr","@id":"https:\/\/www.ergagranit.com.tr\/magaza\/#\/schema\/logo\/image\/","url":"https:\/\/www.ergagranit.com.tr\/magaza\/wp-content\/uploads\/2021\/01\/erga-madencilik.png","contentUrl":"https:\/\/www.ergagranit.com.tr\/magaza\/wp-content\/uploads\/2021\/01\/erga-madencilik.png","width":402,"height":304,"caption":"Erga Granit Madencilik Sanayi Tic Ltd \u015eti."},"image":{"@id":"https:\/\/www.ergagranit.com.tr\/magaza\/#\/schema\/logo\/image\/"},"sameAs":["https:\/\/www.facebook.com\/ergagranit","https:\/\/x.com\/ergagranit","https:\/\/www.instagram.com\/ergagranit\/"]}]}},"_links":{"self":[{"href":"https:\/\/www.ergagranit.com.tr\/magaza\/wp-json\/wp\/v2\/product\/8957","targetHints":{"allow":["GET"]}}],"collection":[{"href":"https:\/\/www.ergagranit.com.tr\/magaza\/wp-json\/wp\/v2\/product"}],"about":[{"href":"https:\/\/www.ergagranit.com.tr\/magaza\/wp-json\/wp\/v2\/types\/product"}],"replies":[{"embeddable":true,"href":"https:\/\/www.ergagranit.com.tr\/magaza\/wp-json\/wp\/v2\/comments?post=8957"}],"wp:featuredmedia":[{"embeddable":true,"href":"https:\/\/www.ergagranit.com.tr\/magaza\/wp-json\/wp\/v2\/media\/8780"}],"wp:attachment":[{"href":"https:\/\/www.ergagranit.com.tr\/magaza\/wp-json\/wp\/v2\/media?parent=8957"}],"curies":[{"name":"wp","href":"https:\/\/api.w.org\/{rel}","templated":true}]}}