{"id":8354,"date":"2020-01-01T15:46:01","date_gmt":"2020-01-01T15:46:01","guid":{"rendered":"https:\/\/www.ergagranit.com.tr\/magaza\/?post_type=product&#038;p=8354"},"modified":"2020-01-01T15:46:01","modified_gmt":"2020-01-01T15:46:01","slug":"granit-bordur","status":"publish","type":"product","link":"https:\/\/www.ergagranit.com.tr\/magaza\/urun\/granit-bordur\/","title":{"rendered":"Granit Bord\u00fcr"},"content":{"rendered":"<p>Granit bord\u00fcr fiyatlar\u0131 kimine g\u00f6re farkl\u0131 ve istek \u00fczerine ebatlar\u0131 verilip ve ona g\u00f6re\u00a0<em><strong>granit bord\u00fcr<\/strong>\u00a0<\/em>fiyatlar\u0131n\u0131 vermekteyiz.\u00a0<strong>Granit bord\u00fcr fiyatlar\u0131<\/strong>n\u0131 veren Karadeniz granit a\u015f ad\u0131 alt\u0131nda verilmektedir ve ba\u015fka bir firmaya ba\u011fl\u0131l\u0131\u011f\u0131 yoktur kendi kurdu\u011fu granit k\u00fcp ta\u015f , bazalt k\u00fcp ta\u015f ve granit bord\u00fcr \u00fcretimini yapan firmam\u0131z\u0131n fiyatlar\u0131d\u0131r. do\u011fal granit bord\u00fcr fiyatlar\u0131n\u0131 siz de\u011ferli web sitemizi ziyaret eden m\u00fc\u015fterilerimize sunmaktay\u0131z. do\u011fal\u00a0<em>granit bord\u00fcr fiyatlar\u0131<\/em> ve ebatlar\u0131na g\u00f6re sizlerle payla\u015f\u0131yoruz. granit bord\u00fcr ebatlar\u0131 ve granit bord\u00fcr fiyatlar\u0131n\u0131 siz de\u011ferli site ziyaret\u00e7ilerimizle a\u015fa\u011f\u0131da sunmaktay\u0131z.<\/p>\n","protected":false},"excerpt":{"rendered":"<p>Granit bord\u00fcr fiyatlar\u0131 kimine g\u00f6re farkl\u0131 ve istek \u00fczerine ebatlar\u0131 verilip ve ona g\u00f6re\u00a0granit bord\u00fcr\u00a0fiyatlar\u0131n\u0131 vermekteyiz.\u00a0Granit bord\u00fcr fiyatlar\u0131n\u0131 veren Karadeniz granit a\u015f ad\u0131 alt\u0131nda verilmektedir ve ba\u015fka bir firmaya ba\u011fl\u0131l\u0131\u011f\u0131 yoktur kendi kurdu\u011fu granit k\u00fcp ta\u015f , bazalt k\u00fcp ta\u015f ve granit bord\u00fcr \u00fcretimini yapan firmam\u0131z\u0131n fiyatlar\u0131d\u0131r. do\u011fal granit bord\u00fcr fiyatlar\u0131n\u0131 siz de\u011ferli web sitemizi [&hellip;]<\/p>\n","protected":false},"featured_media":8280,"comment_status":"open","ping_status":"closed","template":"","meta":[],"class_list":["post-8354","product","type-product","status-publish","has-post-thumbnail","hentry","product_cat-granit-urunler"],"yoast_head":"<!-- This site is optimized with the Yoast SEO plugin v22.7 - https:\/\/yoast.com\/wordpress\/plugins\/seo\/ -->\n<title>Granit Bord\u00fcr - Erga Granit Ma\u011faza<\/title>\n<meta name=\"robots\" content=\"index, follow, max-snippet:-1, max-image-preview:large, max-video-preview:-1\" \/>\n<link rel=\"canonical\" href=\"https:\/\/www.ergagranit.com.tr\/magaza\/urun\/granit-bordur\/\" \/>\n<meta property=\"og:locale\" content=\"tr_TR\" \/>\n<meta property=\"og:type\" content=\"article\" \/>\n<meta property=\"og:title\" content=\"Granit Bord\u00fcr - Erga Granit Ma\u011faza\" \/>\n<meta property=\"og:description\" content=\"Granit bord\u00fcr fiyatlar\u0131 kimine g\u00f6re farkl\u0131 ve istek \u00fczerine ebatlar\u0131 verilip ve ona g\u00f6re\u00a0granit bord\u00fcr\u00a0fiyatlar\u0131n\u0131 vermekteyiz.\u00a0Granit bord\u00fcr fiyatlar\u0131n\u0131 veren Karadeniz granit a\u015f ad\u0131 alt\u0131nda verilmektedir ve ba\u015fka bir firmaya ba\u011fl\u0131l\u0131\u011f\u0131 yoktur kendi kurdu\u011fu granit k\u00fcp ta\u015f , bazalt k\u00fcp ta\u015f ve granit bord\u00fcr \u00fcretimini yapan firmam\u0131z\u0131n fiyatlar\u0131d\u0131r. do\u011fal granit bord\u00fcr fiyatlar\u0131n\u0131 siz de\u011ferli web sitemizi [&hellip;]\" \/>\n<meta property=\"og:url\" content=\"https:\/\/www.ergagranit.com.tr\/magaza\/urun\/granit-bordur\/\" \/>\n<meta property=\"og:site_name\" content=\"Erga Granit Ma\u011faza\" \/>\n<meta property=\"article:publisher\" content=\"https:\/\/www.facebook.com\/ergagranit\" \/>\n<meta property=\"og:image\" content=\"https:\/\/www.ergagranit.com.tr\/magaza\/wp-content\/uploads\/2019\/12\/granit-bordur.png\" \/>\n\t<meta property=\"og:image:width\" content=\"600\" \/>\n\t<meta property=\"og:image:height\" content=\"400\" \/>\n\t<meta property=\"og:image:type\" content=\"image\/png\" \/>\n<meta name=\"twitter:card\" content=\"summary_large_image\" \/>\n<meta name=\"twitter:site\" content=\"@ergagranit\" \/>\n<meta name=\"twitter:label1\" content=\"Tahmini okuma s\u00fcresi\" \/>\n\t<meta name=\"twitter:data1\" content=\"1 dakika\" \/>\n<script type=\"application\/ld+json\" class=\"yoast-schema-graph\">{\"@context\":\"https:\/\/schema.org\",\"@graph\":[{\"@type\":\"WebPage\",\"@id\":\"https:\/\/www.ergagranit.com.tr\/magaza\/urun\/granit-bordur\/\",\"url\":\"https:\/\/www.ergagranit.com.tr\/magaza\/urun\/granit-bordur\/\",\"name\":\"Granit Bord\u00fcr - Erga Granit Ma\u011faza\",\"isPartOf\":{\"@id\":\"https:\/\/www.ergagranit.com.tr\/magaza\/#website\"},\"primaryImageOfPage\":{\"@id\":\"https:\/\/www.ergagranit.com.tr\/magaza\/urun\/granit-bordur\/#primaryimage\"},\"image\":{\"@id\":\"https:\/\/www.ergagranit.com.tr\/magaza\/urun\/granit-bordur\/#primaryimage\"},\"thumbnailUrl\":\"https:\/\/www.ergagranit.com.tr\/magaza\/wp-content\/uploads\/2019\/12\/granit-bordur.png\",\"datePublished\":\"2020-01-01T15:46:01+00:00\",\"dateModified\":\"2020-01-01T15:46:01+00:00\",\"breadcrumb\":{\"@id\":\"https:\/\/www.ergagranit.com.tr\/magaza\/urun\/granit-bordur\/#breadcrumb\"},\"inLanguage\":\"tr\",\"potentialAction\":[{\"@type\":\"ReadAction\",\"target\":[\"https:\/\/www.ergagranit.com.tr\/magaza\/urun\/granit-bordur\/\"]}]},{\"@type\":\"ImageObject\",\"inLanguage\":\"tr\",\"@id\":\"https:\/\/www.ergagranit.com.tr\/magaza\/urun\/granit-bordur\/#primaryimage\",\"url\":\"https:\/\/www.ergagranit.com.tr\/magaza\/wp-content\/uploads\/2019\/12\/granit-bordur.png\",\"contentUrl\":\"https:\/\/www.ergagranit.com.tr\/magaza\/wp-content\/uploads\/2019\/12\/granit-bordur.png\",\"width\":600,\"height\":400},{\"@type\":\"BreadcrumbList\",\"@id\":\"https:\/\/www.ergagranit.com.tr\/magaza\/urun\/granit-bordur\/#breadcrumb\",\"itemListElement\":[{\"@type\":\"ListItem\",\"position\":1,\"name\":\"Anasayfa\",\"item\":\"https:\/\/www.ergagranit.com.tr\/magaza\/\"},{\"@type\":\"ListItem\",\"position\":2,\"name\":\"Ma\u011faza\",\"item\":\"https:\/\/www.ergagranit.com.tr\/magaza\/urunler\/\"},{\"@type\":\"ListItem\",\"position\":3,\"name\":\"Granit Bord\u00fcr\"}]},{\"@type\":\"WebSite\",\"@id\":\"https:\/\/www.ergagranit.com.tr\/magaza\/#website\",\"url\":\"https:\/\/www.ergagranit.com.tr\/magaza\/\",\"name\":\"Erga Granit Ma\u011faza\",\"description\":\"Online Al\u0131\u015fveri\u015f Yap\u0131n\",\"publisher\":{\"@id\":\"https:\/\/www.ergagranit.com.tr\/magaza\/#organization\"},\"potentialAction\":[{\"@type\":\"SearchAction\",\"target\":{\"@type\":\"EntryPoint\",\"urlTemplate\":\"https:\/\/www.ergagranit.com.tr\/magaza\/?s={search_term_string}\"},\"query-input\":\"required name=search_term_string\"}],\"inLanguage\":\"tr\"},{\"@type\":\"Organization\",\"@id\":\"https:\/\/www.ergagranit.com.tr\/magaza\/#organization\",\"name\":\"Erga Granit Madencilik Sanayi Tic Ltd \u015eti.\",\"url\":\"https:\/\/www.ergagranit.com.tr\/magaza\/\",\"logo\":{\"@type\":\"ImageObject\",\"inLanguage\":\"tr\",\"@id\":\"https:\/\/www.ergagranit.com.tr\/magaza\/#\/schema\/logo\/image\/\",\"url\":\"https:\/\/www.ergagranit.com.tr\/magaza\/wp-content\/uploads\/2021\/01\/erga-madencilik.png\",\"contentUrl\":\"https:\/\/www.ergagranit.com.tr\/magaza\/wp-content\/uploads\/2021\/01\/erga-madencilik.png\",\"width\":402,\"height\":304,\"caption\":\"Erga Granit Madencilik Sanayi Tic Ltd \u015eti.\"},\"image\":{\"@id\":\"https:\/\/www.ergagranit.com.tr\/magaza\/#\/schema\/logo\/image\/\"},\"sameAs\":[\"https:\/\/www.facebook.com\/ergagranit\",\"https:\/\/x.com\/ergagranit\",\"https:\/\/www.instagram.com\/ergagranit\/\"]}]}<\/script>\n<!-- \/ Yoast SEO plugin. -->","yoast_head_json":{"title":"Granit Bord\u00fcr - Erga Granit Ma\u011faza","robots":{"index":"index","follow":"follow","max-snippet":"max-snippet:-1","max-image-preview":"max-image-preview:large","max-video-preview":"max-video-preview:-1"},"canonical":"https:\/\/www.ergagranit.com.tr\/magaza\/urun\/granit-bordur\/","og_locale":"tr_TR","og_type":"article","og_title":"Granit Bord\u00fcr - Erga Granit Ma\u011faza","og_description":"Granit bord\u00fcr fiyatlar\u0131 kimine g\u00f6re farkl\u0131 ve istek \u00fczerine ebatlar\u0131 verilip ve ona g\u00f6re\u00a0granit bord\u00fcr\u00a0fiyatlar\u0131n\u0131 vermekteyiz.\u00a0Granit bord\u00fcr fiyatlar\u0131n\u0131 veren Karadeniz granit a\u015f ad\u0131 alt\u0131nda verilmektedir ve ba\u015fka bir firmaya ba\u011fl\u0131l\u0131\u011f\u0131 yoktur kendi kurdu\u011fu granit k\u00fcp ta\u015f , bazalt k\u00fcp ta\u015f ve granit bord\u00fcr \u00fcretimini yapan firmam\u0131z\u0131n fiyatlar\u0131d\u0131r. do\u011fal granit bord\u00fcr fiyatlar\u0131n\u0131 siz de\u011ferli web sitemizi [&hellip;]","og_url":"https:\/\/www.ergagranit.com.tr\/magaza\/urun\/granit-bordur\/","og_site_name":"Erga Granit Ma\u011faza","article_publisher":"https:\/\/www.facebook.com\/ergagranit","og_image":[{"width":600,"height":400,"url":"https:\/\/www.ergagranit.com.tr\/magaza\/wp-content\/uploads\/2019\/12\/granit-bordur.png","type":"image\/png"}],"twitter_card":"summary_large_image","twitter_site":"@ergagranit","twitter_misc":{"Tahmini okuma s\u00fcresi":"1 dakika"},"schema":{"@context":"https:\/\/schema.org","@graph":[{"@type":"WebPage","@id":"https:\/\/www.ergagranit.com.tr\/magaza\/urun\/granit-bordur\/","url":"https:\/\/www.ergagranit.com.tr\/magaza\/urun\/granit-bordur\/","name":"Granit Bord\u00fcr - Erga Granit Ma\u011faza","isPartOf":{"@id":"https:\/\/www.ergagranit.com.tr\/magaza\/#website"},"primaryImageOfPage":{"@id":"https:\/\/www.ergagranit.com.tr\/magaza\/urun\/granit-bordur\/#primaryimage"},"image":{"@id":"https:\/\/www.ergagranit.com.tr\/magaza\/urun\/granit-bordur\/#primaryimage"},"thumbnailUrl":"https:\/\/www.ergagranit.com.tr\/magaza\/wp-content\/uploads\/2019\/12\/granit-bordur.png","datePublished":"2020-01-01T15:46:01+00:00","dateModified":"2020-01-01T15:46:01+00:00","breadcrumb":{"@id":"https:\/\/www.ergagranit.com.tr\/magaza\/urun\/granit-bordur\/#breadcrumb"},"inLanguage":"tr","potentialAction":[{"@type":"ReadAction","target":["https:\/\/www.ergagranit.com.tr\/magaza\/urun\/granit-bordur\/"]}]},{"@type":"ImageObject","inLanguage":"tr","@id":"https:\/\/www.ergagranit.com.tr\/magaza\/urun\/granit-bordur\/#primaryimage","url":"https:\/\/www.ergagranit.com.tr\/magaza\/wp-content\/uploads\/2019\/12\/granit-bordur.png","contentUrl":"https:\/\/www.ergagranit.com.tr\/magaza\/wp-content\/uploads\/2019\/12\/granit-bordur.png","width":600,"height":400},{"@type":"BreadcrumbList","@id":"https:\/\/www.ergagranit.com.tr\/magaza\/urun\/granit-bordur\/#breadcrumb","itemListElement":[{"@type":"ListItem","position":1,"name":"Anasayfa","item":"https:\/\/www.ergagranit.com.tr\/magaza\/"},{"@type":"ListItem","position":2,"name":"Ma\u011faza","item":"https:\/\/www.ergagranit.com.tr\/magaza\/urunler\/"},{"@type":"ListItem","position":3,"name":"Granit Bord\u00fcr"}]},{"@type":"WebSite","@id":"https:\/\/www.ergagranit.com.tr\/magaza\/#website","url":"https:\/\/www.ergagranit.com.tr\/magaza\/","name":"Erga Granit Ma\u011faza","description":"Online Al\u0131\u015fveri\u015f Yap\u0131n","publisher":{"@id":"https:\/\/www.ergagranit.com.tr\/magaza\/#organization"},"potentialAction":[{"@type":"SearchAction","target":{"@type":"EntryPoint","urlTemplate":"https:\/\/www.ergagranit.com.tr\/magaza\/?s={search_term_string}"},"query-input":"required name=search_term_string"}],"inLanguage":"tr"},{"@type":"Organization","@id":"https:\/\/www.ergagranit.com.tr\/magaza\/#organization","name":"Erga Granit Madencilik Sanayi Tic Ltd \u015eti.","url":"https:\/\/www.ergagranit.com.tr\/magaza\/","logo":{"@type":"ImageObject","inLanguage":"tr","@id":"https:\/\/www.ergagranit.com.tr\/magaza\/#\/schema\/logo\/image\/","url":"https:\/\/www.ergagranit.com.tr\/magaza\/wp-content\/uploads\/2021\/01\/erga-madencilik.png","contentUrl":"https:\/\/www.ergagranit.com.tr\/magaza\/wp-content\/uploads\/2021\/01\/erga-madencilik.png","width":402,"height":304,"caption":"Erga Granit Madencilik Sanayi Tic Ltd \u015eti."},"image":{"@id":"https:\/\/www.ergagranit.com.tr\/magaza\/#\/schema\/logo\/image\/"},"sameAs":["https:\/\/www.facebook.com\/ergagranit","https:\/\/x.com\/ergagranit","https:\/\/www.instagram.com\/ergagranit\/"]}]}},"_links":{"self":[{"href":"https:\/\/www.ergagranit.com.tr\/magaza\/wp-json\/wp\/v2\/product\/8354","targetHints":{"allow":["GET"]}}],"collection":[{"href":"https:\/\/www.ergagranit.com.tr\/magaza\/wp-json\/wp\/v2\/product"}],"about":[{"href":"https:\/\/www.ergagranit.com.tr\/magaza\/wp-json\/wp\/v2\/types\/product"}],"replies":[{"embeddable":true,"href":"https:\/\/www.ergagranit.com.tr\/magaza\/wp-json\/wp\/v2\/comments?post=8354"}],"wp:featuredmedia":[{"embeddable":true,"href":"https:\/\/www.ergagranit.com.tr\/magaza\/wp-json\/wp\/v2\/media\/8280"}],"wp:attachment":[{"href":"https:\/\/www.ergagranit.com.tr\/magaza\/wp-json\/wp\/v2\/media?parent=8354"}],"curies":[{"name":"wp","href":"https:\/\/api.w.org\/{rel}","templated":true}]}}