{"id":8295,"date":"2019-12-26T19:37:53","date_gmt":"2019-12-26T19:37:53","guid":{"rendered":"https:\/\/www.ergagranit.com.tr\/magaza\/?post_type=product&#038;p=8295"},"modified":"2022-01-25T03:41:27","modified_gmt":"2022-01-25T03:41:27","slug":"granit-kup-tas","status":"publish","type":"product","link":"https:\/\/www.ergagranit.com.tr\/magaza\/urun\/granit-kup-tas\/","title":{"rendered":"Granit K\u00fcp Ta\u015f"},"content":{"rendered":"<p>Son d\u00f6nemde ad\u0131n\u0131 s\u0131k\u00e7a duydu\u011fumuz granit ta\u015flar\u0131 do\u011fal olmas\u0131 ve sa\u011flaml\u0131\u011f\u0131 ile bilinirken ayn\u0131 zamanda bir\u00e7ok alanda kullan\u0131l\u0131r. Bu alanlar konutlar oldu\u011fu gibi genelde yol yap\u0131m\u0131nda s\u0131k\u00e7a tercih edilir. Tercih edilmesinin en b\u00fcy\u00fck sebeplerinden biri sa\u011flam olmas\u0131 kolay kolay k\u0131r\u0131lamaz olmas\u0131 ve renkleri ile b\u00fcy\u00fck bir g\u00f6rsel alan olu\u015fturmas\u0131d\u0131r. Granit k\u00fcp ta\u015f \u015eirketi olarak kullan\u0131l\u0131r ve madencilikte s\u0131k\u00e7a tercih edilen bir \u00fcr\u00fcnd\u00fcr.<\/p>\n","protected":false},"excerpt":{"rendered":"<p>Son d\u00f6nemde ad\u0131n\u0131 s\u0131k\u00e7a duydu\u011fumuz granit ta\u015flar\u0131 do\u011fal olmas\u0131 ve sa\u011flaml\u0131\u011f\u0131 ile bilinirken ayn\u0131 zamanda bir\u00e7ok alanda kullan\u0131l\u0131r. Bu alanlar konutlar oldu\u011fu gibi genelde yol yap\u0131m\u0131nda s\u0131k\u00e7a tercih edilir. Tercih edilmesinin en b\u00fcy\u00fck sebeplerinden biri sa\u011flam olmas\u0131 kolay kolay k\u0131r\u0131lamaz olmas\u0131 ve renkleri ile b\u00fcy\u00fck bir g\u00f6rsel alan olu\u015fturmas\u0131d\u0131r. Granit k\u00fcp ta\u015f \u015eirketi olarak kullan\u0131l\u0131r [&hellip;]<\/p>\n","protected":false},"featured_media":8284,"comment_status":"open","ping_status":"closed","template":"","meta":[],"class_list":["post-8295","product","type-product","status-publish","has-post-thumbnail","hentry","product_cat-granit-urunler"],"yoast_head":"<!-- This site is optimized with the Yoast SEO plugin v22.7 - https:\/\/yoast.com\/wordpress\/plugins\/seo\/ -->\n<title>Granit K\u00fcp Ta\u015f - Erga Granit Ma\u011faza<\/title>\n<meta name=\"robots\" content=\"index, follow, max-snippet:-1, max-image-preview:large, max-video-preview:-1\" \/>\n<link rel=\"canonical\" href=\"https:\/\/www.ergagranit.com.tr\/magaza\/urun\/granit-kup-tas\/\" \/>\n<meta property=\"og:locale\" content=\"tr_TR\" \/>\n<meta property=\"og:type\" content=\"article\" \/>\n<meta property=\"og:title\" content=\"Granit K\u00fcp Ta\u015f - Erga Granit Ma\u011faza\" \/>\n<meta property=\"og:description\" content=\"Son d\u00f6nemde ad\u0131n\u0131 s\u0131k\u00e7a duydu\u011fumuz granit ta\u015flar\u0131 do\u011fal olmas\u0131 ve sa\u011flaml\u0131\u011f\u0131 ile bilinirken ayn\u0131 zamanda bir\u00e7ok alanda kullan\u0131l\u0131r. Bu alanlar konutlar oldu\u011fu gibi genelde yol yap\u0131m\u0131nda s\u0131k\u00e7a tercih edilir. Tercih edilmesinin en b\u00fcy\u00fck sebeplerinden biri sa\u011flam olmas\u0131 kolay kolay k\u0131r\u0131lamaz olmas\u0131 ve renkleri ile b\u00fcy\u00fck bir g\u00f6rsel alan olu\u015fturmas\u0131d\u0131r. Granit k\u00fcp ta\u015f \u015eirketi olarak kullan\u0131l\u0131r [&hellip;]\" \/>\n<meta property=\"og:url\" content=\"https:\/\/www.ergagranit.com.tr\/magaza\/urun\/granit-kup-tas\/\" \/>\n<meta property=\"og:site_name\" content=\"Erga Granit Ma\u011faza\" \/>\n<meta property=\"article:publisher\" content=\"https:\/\/www.facebook.com\/ergagranit\" \/>\n<meta property=\"article:modified_time\" content=\"2022-01-25T03:41:27+00:00\" \/>\n<meta property=\"og:image\" content=\"https:\/\/www.ergagranit.com.tr\/magaza\/wp-content\/uploads\/2019\/12\/granit-kup-2.png\" \/>\n\t<meta property=\"og:image:width\" content=\"600\" \/>\n\t<meta property=\"og:image:height\" content=\"400\" \/>\n\t<meta property=\"og:image:type\" content=\"image\/png\" \/>\n<meta name=\"twitter:card\" content=\"summary_large_image\" \/>\n<meta name=\"twitter:site\" content=\"@ergagranit\" \/>\n<script type=\"application\/ld+json\" class=\"yoast-schema-graph\">{\"@context\":\"https:\/\/schema.org\",\"@graph\":[{\"@type\":\"WebPage\",\"@id\":\"https:\/\/www.ergagranit.com.tr\/magaza\/urun\/granit-kup-tas\/\",\"url\":\"https:\/\/www.ergagranit.com.tr\/magaza\/urun\/granit-kup-tas\/\",\"name\":\"Granit K\u00fcp Ta\u015f - Erga Granit Ma\u011faza\",\"isPartOf\":{\"@id\":\"https:\/\/www.ergagranit.com.tr\/magaza\/#website\"},\"primaryImageOfPage\":{\"@id\":\"https:\/\/www.ergagranit.com.tr\/magaza\/urun\/granit-kup-tas\/#primaryimage\"},\"image\":{\"@id\":\"https:\/\/www.ergagranit.com.tr\/magaza\/urun\/granit-kup-tas\/#primaryimage\"},\"thumbnailUrl\":\"https:\/\/www.ergagranit.com.tr\/magaza\/wp-content\/uploads\/2019\/12\/granit-kup-2.png\",\"datePublished\":\"2019-12-26T19:37:53+00:00\",\"dateModified\":\"2022-01-25T03:41:27+00:00\",\"breadcrumb\":{\"@id\":\"https:\/\/www.ergagranit.com.tr\/magaza\/urun\/granit-kup-tas\/#breadcrumb\"},\"inLanguage\":\"tr\",\"potentialAction\":[{\"@type\":\"ReadAction\",\"target\":[\"https:\/\/www.ergagranit.com.tr\/magaza\/urun\/granit-kup-tas\/\"]}]},{\"@type\":\"ImageObject\",\"inLanguage\":\"tr\",\"@id\":\"https:\/\/www.ergagranit.com.tr\/magaza\/urun\/granit-kup-tas\/#primaryimage\",\"url\":\"https:\/\/www.ergagranit.com.tr\/magaza\/wp-content\/uploads\/2019\/12\/granit-kup-2.png\",\"contentUrl\":\"https:\/\/www.ergagranit.com.tr\/magaza\/wp-content\/uploads\/2019\/12\/granit-kup-2.png\",\"width\":600,\"height\":400},{\"@type\":\"BreadcrumbList\",\"@id\":\"https:\/\/www.ergagranit.com.tr\/magaza\/urun\/granit-kup-tas\/#breadcrumb\",\"itemListElement\":[{\"@type\":\"ListItem\",\"position\":1,\"name\":\"Anasayfa\",\"item\":\"https:\/\/www.ergagranit.com.tr\/magaza\/\"},{\"@type\":\"ListItem\",\"position\":2,\"name\":\"Ma\u011faza\",\"item\":\"https:\/\/www.ergagranit.com.tr\/magaza\/urunler\/\"},{\"@type\":\"ListItem\",\"position\":3,\"name\":\"Granit K\u00fcp Ta\u015f\"}]},{\"@type\":\"WebSite\",\"@id\":\"https:\/\/www.ergagranit.com.tr\/magaza\/#website\",\"url\":\"https:\/\/www.ergagranit.com.tr\/magaza\/\",\"name\":\"Erga Granit Ma\u011faza\",\"description\":\"Online Al\u0131\u015fveri\u015f Yap\u0131n\",\"publisher\":{\"@id\":\"https:\/\/www.ergagranit.com.tr\/magaza\/#organization\"},\"potentialAction\":[{\"@type\":\"SearchAction\",\"target\":{\"@type\":\"EntryPoint\",\"urlTemplate\":\"https:\/\/www.ergagranit.com.tr\/magaza\/?s={search_term_string}\"},\"query-input\":\"required name=search_term_string\"}],\"inLanguage\":\"tr\"},{\"@type\":\"Organization\",\"@id\":\"https:\/\/www.ergagranit.com.tr\/magaza\/#organization\",\"name\":\"Erga Granit Madencilik Sanayi Tic Ltd \u015eti.\",\"url\":\"https:\/\/www.ergagranit.com.tr\/magaza\/\",\"logo\":{\"@type\":\"ImageObject\",\"inLanguage\":\"tr\",\"@id\":\"https:\/\/www.ergagranit.com.tr\/magaza\/#\/schema\/logo\/image\/\",\"url\":\"https:\/\/www.ergagranit.com.tr\/magaza\/wp-content\/uploads\/2021\/01\/erga-madencilik.png\",\"contentUrl\":\"https:\/\/www.ergagranit.com.tr\/magaza\/wp-content\/uploads\/2021\/01\/erga-madencilik.png\",\"width\":402,\"height\":304,\"caption\":\"Erga Granit Madencilik Sanayi Tic Ltd \u015eti.\"},\"image\":{\"@id\":\"https:\/\/www.ergagranit.com.tr\/magaza\/#\/schema\/logo\/image\/\"},\"sameAs\":[\"https:\/\/www.facebook.com\/ergagranit\",\"https:\/\/x.com\/ergagranit\",\"https:\/\/www.instagram.com\/ergagranit\/\"]}]}<\/script>\n<!-- \/ Yoast SEO plugin. -->","yoast_head_json":{"title":"Granit K\u00fcp Ta\u015f - Erga Granit Ma\u011faza","robots":{"index":"index","follow":"follow","max-snippet":"max-snippet:-1","max-image-preview":"max-image-preview:large","max-video-preview":"max-video-preview:-1"},"canonical":"https:\/\/www.ergagranit.com.tr\/magaza\/urun\/granit-kup-tas\/","og_locale":"tr_TR","og_type":"article","og_title":"Granit K\u00fcp Ta\u015f - Erga Granit Ma\u011faza","og_description":"Son d\u00f6nemde ad\u0131n\u0131 s\u0131k\u00e7a duydu\u011fumuz granit ta\u015flar\u0131 do\u011fal olmas\u0131 ve sa\u011flaml\u0131\u011f\u0131 ile bilinirken ayn\u0131 zamanda bir\u00e7ok alanda kullan\u0131l\u0131r. Bu alanlar konutlar oldu\u011fu gibi genelde yol yap\u0131m\u0131nda s\u0131k\u00e7a tercih edilir. Tercih edilmesinin en b\u00fcy\u00fck sebeplerinden biri sa\u011flam olmas\u0131 kolay kolay k\u0131r\u0131lamaz olmas\u0131 ve renkleri ile b\u00fcy\u00fck bir g\u00f6rsel alan olu\u015fturmas\u0131d\u0131r. Granit k\u00fcp ta\u015f \u015eirketi olarak kullan\u0131l\u0131r [&hellip;]","og_url":"https:\/\/www.ergagranit.com.tr\/magaza\/urun\/granit-kup-tas\/","og_site_name":"Erga Granit Ma\u011faza","article_publisher":"https:\/\/www.facebook.com\/ergagranit","article_modified_time":"2022-01-25T03:41:27+00:00","og_image":[{"width":600,"height":400,"url":"https:\/\/www.ergagranit.com.tr\/magaza\/wp-content\/uploads\/2019\/12\/granit-kup-2.png","type":"image\/png"}],"twitter_card":"summary_large_image","twitter_site":"@ergagranit","schema":{"@context":"https:\/\/schema.org","@graph":[{"@type":"WebPage","@id":"https:\/\/www.ergagranit.com.tr\/magaza\/urun\/granit-kup-tas\/","url":"https:\/\/www.ergagranit.com.tr\/magaza\/urun\/granit-kup-tas\/","name":"Granit K\u00fcp Ta\u015f - Erga Granit Ma\u011faza","isPartOf":{"@id":"https:\/\/www.ergagranit.com.tr\/magaza\/#website"},"primaryImageOfPage":{"@id":"https:\/\/www.ergagranit.com.tr\/magaza\/urun\/granit-kup-tas\/#primaryimage"},"image":{"@id":"https:\/\/www.ergagranit.com.tr\/magaza\/urun\/granit-kup-tas\/#primaryimage"},"thumbnailUrl":"https:\/\/www.ergagranit.com.tr\/magaza\/wp-content\/uploads\/2019\/12\/granit-kup-2.png","datePublished":"2019-12-26T19:37:53+00:00","dateModified":"2022-01-25T03:41:27+00:00","breadcrumb":{"@id":"https:\/\/www.ergagranit.com.tr\/magaza\/urun\/granit-kup-tas\/#breadcrumb"},"inLanguage":"tr","potentialAction":[{"@type":"ReadAction","target":["https:\/\/www.ergagranit.com.tr\/magaza\/urun\/granit-kup-tas\/"]}]},{"@type":"ImageObject","inLanguage":"tr","@id":"https:\/\/www.ergagranit.com.tr\/magaza\/urun\/granit-kup-tas\/#primaryimage","url":"https:\/\/www.ergagranit.com.tr\/magaza\/wp-content\/uploads\/2019\/12\/granit-kup-2.png","contentUrl":"https:\/\/www.ergagranit.com.tr\/magaza\/wp-content\/uploads\/2019\/12\/granit-kup-2.png","width":600,"height":400},{"@type":"BreadcrumbList","@id":"https:\/\/www.ergagranit.com.tr\/magaza\/urun\/granit-kup-tas\/#breadcrumb","itemListElement":[{"@type":"ListItem","position":1,"name":"Anasayfa","item":"https:\/\/www.ergagranit.com.tr\/magaza\/"},{"@type":"ListItem","position":2,"name":"Ma\u011faza","item":"https:\/\/www.ergagranit.com.tr\/magaza\/urunler\/"},{"@type":"ListItem","position":3,"name":"Granit K\u00fcp Ta\u015f"}]},{"@type":"WebSite","@id":"https:\/\/www.ergagranit.com.tr\/magaza\/#website","url":"https:\/\/www.ergagranit.com.tr\/magaza\/","name":"Erga Granit Ma\u011faza","description":"Online Al\u0131\u015fveri\u015f Yap\u0131n","publisher":{"@id":"https:\/\/www.ergagranit.com.tr\/magaza\/#organization"},"potentialAction":[{"@type":"SearchAction","target":{"@type":"EntryPoint","urlTemplate":"https:\/\/www.ergagranit.com.tr\/magaza\/?s={search_term_string}"},"query-input":"required name=search_term_string"}],"inLanguage":"tr"},{"@type":"Organization","@id":"https:\/\/www.ergagranit.com.tr\/magaza\/#organization","name":"Erga Granit Madencilik Sanayi Tic Ltd \u015eti.","url":"https:\/\/www.ergagranit.com.tr\/magaza\/","logo":{"@type":"ImageObject","inLanguage":"tr","@id":"https:\/\/www.ergagranit.com.tr\/magaza\/#\/schema\/logo\/image\/","url":"https:\/\/www.ergagranit.com.tr\/magaza\/wp-content\/uploads\/2021\/01\/erga-madencilik.png","contentUrl":"https:\/\/www.ergagranit.com.tr\/magaza\/wp-content\/uploads\/2021\/01\/erga-madencilik.png","width":402,"height":304,"caption":"Erga Granit Madencilik Sanayi Tic Ltd \u015eti."},"image":{"@id":"https:\/\/www.ergagranit.com.tr\/magaza\/#\/schema\/logo\/image\/"},"sameAs":["https:\/\/www.facebook.com\/ergagranit","https:\/\/x.com\/ergagranit","https:\/\/www.instagram.com\/ergagranit\/"]}]}},"_links":{"self":[{"href":"https:\/\/www.ergagranit.com.tr\/magaza\/wp-json\/wp\/v2\/product\/8295","targetHints":{"allow":["GET"]}}],"collection":[{"href":"https:\/\/www.ergagranit.com.tr\/magaza\/wp-json\/wp\/v2\/product"}],"about":[{"href":"https:\/\/www.ergagranit.com.tr\/magaza\/wp-json\/wp\/v2\/types\/product"}],"replies":[{"embeddable":true,"href":"https:\/\/www.ergagranit.com.tr\/magaza\/wp-json\/wp\/v2\/comments?post=8295"}],"wp:featuredmedia":[{"embeddable":true,"href":"https:\/\/www.ergagranit.com.tr\/magaza\/wp-json\/wp\/v2\/media\/8284"}],"wp:attachment":[{"href":"https:\/\/www.ergagranit.com.tr\/magaza\/wp-json\/wp\/v2\/media?parent=8295"}],"curies":[{"name":"wp","href":"https:\/\/api.w.org\/{rel}","templated":true}]}}