{"id":8276,"date":"2019-12-26T19:27:47","date_gmt":"2019-12-26T19:27:47","guid":{"rendered":"https:\/\/www.ergagranit.com.tr\/magaza\/?page_id=8276"},"modified":"2021-01-17T18:37:14","modified_gmt":"2021-01-17T18:37:14","slug":"8276-2","status":"publish","type":"page","link":"https:\/\/www.ergagranit.com.tr\/magaza\/","title":{"rendered":"Anasayfa"},"content":{"rendered":"<p>[vc_row disable_element=&#8221;yes&#8221;][vc_column][vc_single_image image=&#8221;8291&#8243; img_size=&#8221;full&#8221; alignment=&#8221;center&#8221;][\/vc_column][\/vc_row][vc_row][vc_column]<div class=\"woocommerce columns-4 \"><ul class=\"products columns-4\">\n<li class=\"product type-product post-8372 status-publish first instock product_cat-bazalt-urunler has-post-thumbnail taxable shipping-taxable purchasable product-type-variable\">\n\t<div class=\"loop-addtocart-btn-wrapper\"><\/div><\/li>\n<li class=\"product type-product post-8347 status-publish instock product_cat-granit-urunler has-post-thumbnail taxable shipping-taxable purchasable product-type-variable\">\n\t<div class=\"loop-addtocart-btn-wrapper\"><\/div><\/li>\n<li class=\"product type-product post-8742 status-publish instock product_cat-granit-kup-taslar has-post-thumbnail taxable shipping-taxable purchasable product-type-variable\">\n\t<div class=\"loop-addtocart-btn-wrapper\"><\/div><\/li>\n<li class=\"product type-product post-8758 status-publish last instock product_cat-bazalt-kup-tas has-post-thumbnail taxable shipping-taxable purchasable product-type-variable\">\n\t<div class=\"loop-addtocart-btn-wrapper\"><\/div><\/li>\n<li class=\"product type-product post-8360 status-publish first instock product_cat-bazalt-urunler has-post-thumbnail taxable shipping-taxable purchasable product-type-variable\">\n\t<div class=\"loop-addtocart-btn-wrapper\"><\/div><\/li>\n<li class=\"product type-product post-8295 status-publish instock product_cat-granit-urunler has-post-thumbnail taxable shipping-taxable purchasable product-type-variable\">\n\t<div class=\"loop-addtocart-btn-wrapper\"><\/div><\/li>\n<li class=\"product type-product post-8365 status-publish instock product_cat-bazalt-urunler has-post-thumbnail taxable shipping-taxable purchasable product-type-variable\">\n\t<div class=\"loop-addtocart-btn-wrapper\"><\/div><\/li>\n<li class=\"product type-product post-8754 status-publish last instock product_cat-bazalt-kup-tas has-post-thumbnail taxable shipping-taxable purchasable product-type-variable\">\n\t<div class=\"loop-addtocart-btn-wrapper\"><\/div><\/li>\n<li class=\"product type-product post-8354 status-publish first instock product_cat-granit-urunler has-post-thumbnail taxable shipping-taxable purchasable product-type-variable\">\n\t<div class=\"loop-addtocart-btn-wrapper\"><\/div><\/li>\n<li class=\"product type-product post-8747 status-publish instock product_cat-granit-kup-taslar has-post-thumbnail taxable shipping-taxable purchasable product-type-variable\">\n\t<div class=\"loop-addtocart-btn-wrapper\"><\/div><\/li>\n<\/ul>\n<\/div>[\/vc_column][\/vc_row][vc_row disable_element=&#8221;yes&#8221;][vc_column width=&#8221;1\/3&#8243;][vc_single_image image=&#8221;12795&#8243; img_size=&#8221;full&#8221; alignment=&#8221;center&#8221; style=&#8221;vc_box_shadow&#8221; onclick=&#8221;custom_link&#8221; link=&#8221;https:\/\/www.ergagranit.com.tr\/magaza\/category\/dekorasyon\/&#8221;][vc_single_image image=&#8221;8344&#8243; img_size=&#8221;full&#8221; alignment=&#8221;center&#8221; style=&#8221;vc_box_shadow&#8221; onclick=&#8221;custom_link&#8221; css=&#8221;.vc_custom_1577893897898{border-radius: 5px !important;}&#8221; link=&#8221;https:\/\/www.ergagranit.com.tr\/magaza\/urun\/granit-kup-tas\/&#8221;][\/vc_column][vc_column width=&#8221;1\/3&#8243;][vc_single_image image=&#8221;8345&#8243; img_size=&#8221;full&#8221; alignment=&#8221;center&#8221; style=&#8221;vc_box_shadow&#8221; onclick=&#8221;custom_link&#8221; css=&#8221;.vc_custom_1577893915607{border-radius: 5px !important;}&#8221; link=&#8221;https:\/\/www.ergagranit.com.tr\/magaza\/urun\/granit-oluk-tasi\/&#8221;][\/vc_column][vc_column width=&#8221;1\/3&#8243;][vc_single_image image=&#8221;8343&#8243; img_size=&#8221;full&#8221; alignment=&#8221;center&#8221; style=&#8221;vc_box_shadow&#8221; onclick=&#8221;custom_link&#8221; css=&#8221;.vc_custom_1577893928491{border-radius: 5px !important;}&#8221; link=&#8221;https:\/\/www.ergagranit.com.tr\/magaza\/urun\/granit-bordur\/&#8221;][\/vc_column][\/vc_row][vc_row disable_element=&#8221;yes&#8221;][vc_column width=&#8221;1\/3&#8243;][vc_single_image image=&#8221;8341&#8243; img_size=&#8221;full&#8221; alignment=&#8221;center&#8221; style=&#8221;vc_box_shadow&#8221; onclick=&#8221;custom_link&#8221; css=&#8221;.vc_custom_1577893946195{border-radius: 5px !important;}&#8221; link=&#8221;https:\/\/www.ergagranit.com.tr\/magaza\/urun\/bazalt-kup-tas\/&#8221;][\/vc_column][vc_column width=&#8221;1\/3&#8243;][vc_single_image image=&#8221;8342&#8243; img_size=&#8221;full&#8221; alignment=&#8221;center&#8221; style=&#8221;vc_box_shadow&#8221; onclick=&#8221;custom_link&#8221; css=&#8221;.vc_custom_1577893959722{border-radius: 5px !important;}&#8221; link=&#8221;https:\/\/www.ergagranit.com.tr\/magaza\/urun\/bazalt-oluk-tasi\/&#8221;][\/vc_column][vc_column width=&#8221;1\/3&#8243;][vc_single_image image=&#8221;8340&#8243; img_size=&#8221;full&#8221; alignment=&#8221;center&#8221; style=&#8221;vc_box_shadow&#8221; onclick=&#8221;custom_link&#8221; css=&#8221;.vc_custom_1577893973547{border-radius: 5px !important;}&#8221; link=&#8221;https:\/\/www.ergagranit.com.tr\/magaza\/urun\/bazalt-bordur\/&#8221;][\/vc_column][\/vc_row][vc_row full_width=&#8221;stretch_row&#8221; css=&#8221;.vc_custom_1577894149246{padding-top: 20px !important;padding-right: 20px !important;padding-bottom: 20px !important;padding-left: 20px !important;background-image: url(https:\/\/www.ergagranit.com.tr\/magaza\/wp-content\/uploads\/2020\/01\/paralax-bg.jpg?id=8376) !important;}&#8221;][vc_column][vc_column_text]<\/p>\n<p style=\"text-align: center;\"><span style=\"color: #d1d1d1;\"><strong>Granit K\u00fcp Ta\u015f Hizmeti<\/strong><\/span><\/p>\n<p style=\"text-align: center;\"><span style=\"color: #ffffff;\">Granit k\u00fcp ta\u015f en \u00f6zel hizmet kalitesini ortaya koyan kurumsal firma taraf\u0131ndan sizlere sat\u0131\u015fa sunulmaktad\u0131r.<\/span><\/p>\n<p style=\"text-align: center;\"><span style=\"color: #ffffff;\">K\u00fcp ta\u015f noktas\u0131nda birbirinden farkl\u0131 \u00fcr\u00fcnleri bir araya getirip sizlerin ihtiya\u00e7 duydu\u011fu kaliteyi en iyi \u015fekilde sahip olman\u0131z\u0131 sa\u011flayabilecek t\u00fcm bu sistemler sorunsuz bir hizmet sat\u0131n alabilmeniz a\u00e7\u0131s\u0131ndan s\u00fcrekli yenilenen f\u0131rsatlar\u0131 da bir araya getirmeye devam etmektedir. Hedefiniz kurumsal anlamda bir hizmet sat\u0131n alarak sat\u0131n ald\u0131\u011f\u0131n\u0131z bu hizmet s\u00fcrecinde herhangi bir soruna maruz kalmamak ise mutlaka se\u00e7iminizi firmam\u0131zdan yana kullanarak t\u00fcm \u00fcr\u00fcnlerin uzun vadeli olarak sorunsuz bir \u015fekilde sahibi olabilirsiniz.<\/span><\/p>\n<p style=\"text-align: center;\"><span style=\"color: #ffffff;\"><strong>K\u00fcp Ta\u015f Se\u00e7enekleri<\/strong><\/span><\/p>\n<p style=\"text-align: center;\"><span style=\"color: #ffffff;\">Tercihiniz daima iyi bir hizmet sat\u0131n almak ve en kaliteli \u00fcr\u00fcnleri en uygun fiyat se\u00e7enekleri ile sahip olmak ise t\u00fcm \u00fcr\u00fcnleri detayl\u0131 bir \u015fekilde inceleyebilir ve tercih etti\u011finiz T\u00fcm bu \u00fcr\u00fcnlere uzun vadeli olarak sizler de sahip olabilirsiniz. Sizler taraf\u0131ndan en iyi \u015fekilde ve en \u00f6zel \u015fekilde sunulan t\u00fcm projelere e\u015flik edebilecek olan firma ekip ruhu ve profesyonel \u00e7al\u0131\u015fmalar\u0131 ile sizlerin uzman kadro e\u015fli\u011finde bir hizmet sat\u0131n alabilmeniz e f\u0131rsat tan\u0131yarak T\u00fcm bu hizmetlere istedi\u011finiz kalitede sahip olabilmeniz a\u00e7\u0131s\u0131ndan da avantajlar ortaya koymaktad\u0131r. Bazalt k\u00fcp ta\u015f hizmetlerine sizlerde en iyi \u015fekilde sahip olabilir ve diledi\u011finiz gibi t\u00fcm bu hizmetleri en iyi \u015fekilde uzun s\u00fcreli olarak art\u0131k sahip olabilirsiniz.<\/span><\/p>\n<p>[\/vc_column_text][\/vc_column][\/vc_row][vc_row css=&#8221;.vc_custom_1577894284258{padding: 20px !important;}&#8221;][vc_column][vc_single_image image=&#8221;8380&#8243; img_size=&#8221;200&#215;78&#8243; alignment=&#8221;center&#8221;][\/vc_column][\/vc_row]<\/p>\n","protected":false},"excerpt":{"rendered":"<p>[vc_row disable_element=&#8221;yes&#8221;][vc_column][vc_single_image image=&#8221;8291&#8243; img_size=&#8221;full&#8221; alignment=&#8221;center&#8221;][\/vc_column][\/vc_row][vc_row][vc_column][\/vc_column][\/vc_row][vc_row disable_element=&#8221;yes&#8221;][vc_column width=&#8221;1\/3&#8243;][vc_single_image image=&#8221;12795&#8243; img_size=&#8221;full&#8221; alignment=&#8221;center&#8221; style=&#8221;vc_box_shadow&#8221; onclick=&#8221;custom_link&#8221; link=&#8221;https:\/\/www.ergagranit.com.tr\/magaza\/category\/dekorasyon\/&#8221;][vc_single_image image=&#8221;8344&#8243; img_size=&#8221;full&#8221; alignment=&#8221;center&#8221; style=&#8221;vc_box_shadow&#8221; onclick=&#8221;custom_link&#8221; css=&#8221;.vc_custom_1577893897898{border-radius: 5px !important;}&#8221; link=&#8221;https:\/\/www.ergagranit.com.tr\/magaza\/urun\/granit-kup-tas\/&#8221;][\/vc_column][vc_column width=&#8221;1\/3&#8243;][vc_single_image image=&#8221;8345&#8243; img_size=&#8221;full&#8221; alignment=&#8221;center&#8221; style=&#8221;vc_box_shadow&#8221; onclick=&#8221;custom_link&#8221; css=&#8221;.vc_custom_1577893915607{border-radius: 5px !important;}&#8221; link=&#8221;https:\/\/www.ergagranit.com.tr\/magaza\/urun\/granit-oluk-tasi\/&#8221;][\/vc_column][vc_column width=&#8221;1\/3&#8243;][vc_single_image image=&#8221;8343&#8243; img_size=&#8221;full&#8221; alignment=&#8221;center&#8221; style=&#8221;vc_box_shadow&#8221; onclick=&#8221;custom_link&#8221; css=&#8221;.vc_custom_1577893928491{border-radius: 5px !important;}&#8221; link=&#8221;https:\/\/www.ergagranit.com.tr\/magaza\/urun\/granit-bordur\/&#8221;][\/vc_column][\/vc_row][vc_row disable_element=&#8221;yes&#8221;][vc_column width=&#8221;1\/3&#8243;][vc_single_image image=&#8221;8341&#8243; img_size=&#8221;full&#8221; alignment=&#8221;center&#8221; style=&#8221;vc_box_shadow&#8221; onclick=&#8221;custom_link&#8221; css=&#8221;.vc_custom_1577893946195{border-radius: 5px !important;}&#8221; link=&#8221;https:\/\/www.ergagranit.com.tr\/magaza\/urun\/bazalt-kup-tas\/&#8221;][\/vc_column][vc_column width=&#8221;1\/3&#8243;][vc_single_image image=&#8221;8342&#8243; [&hellip;]<\/p>\n","protected":false},"author":1,"featured_media":0,"parent":0,"menu_order":0,"comment_status":"closed","ping_status":"closed","template":"tpl-page-fullwidth.php","meta":{"footnotes":""},"class_list":["post-8276","page","type-page","status-publish","hentry"],"yoast_head":"<!-- This site is optimized with the Yoast SEO plugin v22.7 - https:\/\/yoast.com\/wordpress\/plugins\/seo\/ -->\n<title>Ev Dekorasyon - Bah\u00e7e Peyzaj Ta\u015flar\u0131 - Erga Granit Ma\u011faza<\/title>\n<meta name=\"description\" content=\"Ev Dekorasyon - Bah\u00e7e Peyzaj Ta\u015flar\u0131 - Erga Granit Ma\u011faza&#039;DE T\u00fcm \u00fcr\u00fcn ve detaylar\u0131 sitemiz \u00fczerinden online al\u0131\u015f veri\u015f yapa bilirsiniz.\" \/>\n<meta name=\"robots\" content=\"index, follow, max-snippet:-1, max-image-preview:large, max-video-preview:-1\" \/>\n<link rel=\"canonical\" href=\"https:\/\/www.ergagranit.com.tr\/magaza\/\" \/>\n<meta property=\"og:locale\" content=\"tr_TR\" \/>\n<meta property=\"og:type\" content=\"article\" \/>\n<meta property=\"og:title\" content=\"Ev Dekorasyon - Bah\u00e7e Peyzaj Ta\u015flar\u0131 - Erga Granit Ma\u011faza\" \/>\n<meta property=\"og:description\" content=\"Ev Dekorasyon - Bah\u00e7e Peyzaj Ta\u015flar\u0131 - Erga Granit Ma\u011faza&#039;DE T\u00fcm \u00fcr\u00fcn ve detaylar\u0131 sitemiz \u00fczerinden online al\u0131\u015f veri\u015f yapa bilirsiniz.\" \/>\n<meta property=\"og:url\" content=\"https:\/\/www.ergagranit.com.tr\/magaza\/\" \/>\n<meta property=\"og:site_name\" content=\"Erga Granit Ma\u011faza\" \/>\n<meta property=\"article:publisher\" content=\"https:\/\/www.facebook.com\/ergagranit\" \/>\n<meta property=\"article:modified_time\" content=\"2021-01-17T18:37:14+00:00\" \/>\n<meta property=\"og:image\" content=\"https:\/\/www.ergagranit.com.tr\/magaza\/wp-content\/uploads\/2019\/12\/erga-header-2.png\" \/>\n\t<meta property=\"og:image:width\" content=\"1903\" \/>\n\t<meta property=\"og:image:height\" content=\"650\" \/>\n\t<meta property=\"og:image:type\" content=\"image\/png\" \/>\n<meta name=\"twitter:card\" content=\"summary_large_image\" \/>\n<meta name=\"twitter:site\" content=\"@ergagranit\" \/>\n<meta name=\"twitter:label1\" content=\"Tahmini okuma s\u00fcresi\" \/>\n\t<meta name=\"twitter:data1\" content=\"2 dakika\" \/>\n<script type=\"application\/ld+json\" class=\"yoast-schema-graph\">{\"@context\":\"https:\/\/schema.org\",\"@graph\":[{\"@type\":\"WebPage\",\"@id\":\"https:\/\/www.ergagranit.com.tr\/magaza\/\",\"url\":\"https:\/\/www.ergagranit.com.tr\/magaza\/\",\"name\":\"Ev Dekorasyon - Bah\u00e7e Peyzaj Ta\u015flar\u0131 - Erga Granit Ma\u011faza\",\"isPartOf\":{\"@id\":\"https:\/\/www.ergagranit.com.tr\/magaza\/#website\"},\"datePublished\":\"2019-12-26T19:27:47+00:00\",\"dateModified\":\"2021-01-17T18:37:14+00:00\",\"description\":\"Ev Dekorasyon - Bah\u00e7e Peyzaj Ta\u015flar\u0131 - Erga Granit Ma\u011faza'DE T\u00fcm \u00fcr\u00fcn ve detaylar\u0131 sitemiz \u00fczerinden online al\u0131\u015f veri\u015f yapa bilirsiniz.\",\"breadcrumb\":{\"@id\":\"https:\/\/www.ergagranit.com.tr\/magaza\/#breadcrumb\"},\"inLanguage\":\"tr\",\"potentialAction\":[{\"@type\":\"ReadAction\",\"target\":[\"https:\/\/www.ergagranit.com.tr\/magaza\/\"]}]},{\"@type\":\"BreadcrumbList\",\"@id\":\"https:\/\/www.ergagranit.com.tr\/magaza\/#breadcrumb\",\"itemListElement\":[{\"@type\":\"ListItem\",\"position\":1,\"name\":\"Anasayfa\",\"item\":\"https:\/\/www.ergagranit.com.tr\/magaza\/\"},{\"@type\":\"ListItem\",\"position\":2,\"name\":\"Anasayfa\"}]},{\"@type\":\"WebSite\",\"@id\":\"https:\/\/www.ergagranit.com.tr\/magaza\/#website\",\"url\":\"https:\/\/www.ergagranit.com.tr\/magaza\/\",\"name\":\"Erga Granit Ma\u011faza\",\"description\":\"Online Al\u0131\u015fveri\u015f Yap\u0131n\",\"publisher\":{\"@id\":\"https:\/\/www.ergagranit.com.tr\/magaza\/#organization\"},\"potentialAction\":[{\"@type\":\"SearchAction\",\"target\":{\"@type\":\"EntryPoint\",\"urlTemplate\":\"https:\/\/www.ergagranit.com.tr\/magaza\/?s={search_term_string}\"},\"query-input\":\"required name=search_term_string\"}],\"inLanguage\":\"tr\"},{\"@type\":\"Organization\",\"@id\":\"https:\/\/www.ergagranit.com.tr\/magaza\/#organization\",\"name\":\"Erga Granit Madencilik Sanayi Tic Ltd \u015eti.\",\"url\":\"https:\/\/www.ergagranit.com.tr\/magaza\/\",\"logo\":{\"@type\":\"ImageObject\",\"inLanguage\":\"tr\",\"@id\":\"https:\/\/www.ergagranit.com.tr\/magaza\/#\/schema\/logo\/image\/\",\"url\":\"https:\/\/www.ergagranit.com.tr\/magaza\/wp-content\/uploads\/2021\/01\/erga-madencilik.png\",\"contentUrl\":\"https:\/\/www.ergagranit.com.tr\/magaza\/wp-content\/uploads\/2021\/01\/erga-madencilik.png\",\"width\":402,\"height\":304,\"caption\":\"Erga Granit Madencilik Sanayi Tic Ltd \u015eti.\"},\"image\":{\"@id\":\"https:\/\/www.ergagranit.com.tr\/magaza\/#\/schema\/logo\/image\/\"},\"sameAs\":[\"https:\/\/www.facebook.com\/ergagranit\",\"https:\/\/x.com\/ergagranit\",\"https:\/\/www.instagram.com\/ergagranit\/\"]}]}<\/script>\n<!-- \/ Yoast SEO plugin. -->","yoast_head_json":{"title":"Ev Dekorasyon - Bah\u00e7e Peyzaj Ta\u015flar\u0131 - Erga Granit Ma\u011faza","description":"Ev Dekorasyon - Bah\u00e7e Peyzaj Ta\u015flar\u0131 - Erga Granit Ma\u011faza'DE T\u00fcm \u00fcr\u00fcn ve detaylar\u0131 sitemiz \u00fczerinden online al\u0131\u015f veri\u015f yapa bilirsiniz.","robots":{"index":"index","follow":"follow","max-snippet":"max-snippet:-1","max-image-preview":"max-image-preview:large","max-video-preview":"max-video-preview:-1"},"canonical":"https:\/\/www.ergagranit.com.tr\/magaza\/","og_locale":"tr_TR","og_type":"article","og_title":"Ev Dekorasyon - Bah\u00e7e Peyzaj Ta\u015flar\u0131 - Erga Granit Ma\u011faza","og_description":"Ev Dekorasyon - Bah\u00e7e Peyzaj Ta\u015flar\u0131 - Erga Granit Ma\u011faza'DE T\u00fcm \u00fcr\u00fcn ve detaylar\u0131 sitemiz \u00fczerinden online al\u0131\u015f veri\u015f yapa bilirsiniz.","og_url":"https:\/\/www.ergagranit.com.tr\/magaza\/","og_site_name":"Erga Granit Ma\u011faza","article_publisher":"https:\/\/www.facebook.com\/ergagranit","article_modified_time":"2021-01-17T18:37:14+00:00","og_image":[{"width":1903,"height":650,"url":"https:\/\/www.ergagranit.com.tr\/magaza\/wp-content\/uploads\/2019\/12\/erga-header-2.png","type":"image\/png"}],"twitter_card":"summary_large_image","twitter_site":"@ergagranit","twitter_misc":{"Tahmini okuma s\u00fcresi":"2 dakika"},"schema":{"@context":"https:\/\/schema.org","@graph":[{"@type":"WebPage","@id":"https:\/\/www.ergagranit.com.tr\/magaza\/","url":"https:\/\/www.ergagranit.com.tr\/magaza\/","name":"Ev Dekorasyon - Bah\u00e7e Peyzaj Ta\u015flar\u0131 - Erga Granit Ma\u011faza","isPartOf":{"@id":"https:\/\/www.ergagranit.com.tr\/magaza\/#website"},"datePublished":"2019-12-26T19:27:47+00:00","dateModified":"2021-01-17T18:37:14+00:00","description":"Ev Dekorasyon - Bah\u00e7e Peyzaj Ta\u015flar\u0131 - Erga Granit Ma\u011faza'DE T\u00fcm \u00fcr\u00fcn ve detaylar\u0131 sitemiz \u00fczerinden online al\u0131\u015f veri\u015f yapa bilirsiniz.","breadcrumb":{"@id":"https:\/\/www.ergagranit.com.tr\/magaza\/#breadcrumb"},"inLanguage":"tr","potentialAction":[{"@type":"ReadAction","target":["https:\/\/www.ergagranit.com.tr\/magaza\/"]}]},{"@type":"BreadcrumbList","@id":"https:\/\/www.ergagranit.com.tr\/magaza\/#breadcrumb","itemListElement":[{"@type":"ListItem","position":1,"name":"Anasayfa","item":"https:\/\/www.ergagranit.com.tr\/magaza\/"},{"@type":"ListItem","position":2,"name":"Anasayfa"}]},{"@type":"WebSite","@id":"https:\/\/www.ergagranit.com.tr\/magaza\/#website","url":"https:\/\/www.ergagranit.com.tr\/magaza\/","name":"Erga Granit Ma\u011faza","description":"Online Al\u0131\u015fveri\u015f Yap\u0131n","publisher":{"@id":"https:\/\/www.ergagranit.com.tr\/magaza\/#organization"},"potentialAction":[{"@type":"SearchAction","target":{"@type":"EntryPoint","urlTemplate":"https:\/\/www.ergagranit.com.tr\/magaza\/?s={search_term_string}"},"query-input":"required name=search_term_string"}],"inLanguage":"tr"},{"@type":"Organization","@id":"https:\/\/www.ergagranit.com.tr\/magaza\/#organization","name":"Erga Granit Madencilik Sanayi Tic Ltd \u015eti.","url":"https:\/\/www.ergagranit.com.tr\/magaza\/","logo":{"@type":"ImageObject","inLanguage":"tr","@id":"https:\/\/www.ergagranit.com.tr\/magaza\/#\/schema\/logo\/image\/","url":"https:\/\/www.ergagranit.com.tr\/magaza\/wp-content\/uploads\/2021\/01\/erga-madencilik.png","contentUrl":"https:\/\/www.ergagranit.com.tr\/magaza\/wp-content\/uploads\/2021\/01\/erga-madencilik.png","width":402,"height":304,"caption":"Erga Granit Madencilik Sanayi Tic Ltd \u015eti."},"image":{"@id":"https:\/\/www.ergagranit.com.tr\/magaza\/#\/schema\/logo\/image\/"},"sameAs":["https:\/\/www.facebook.com\/ergagranit","https:\/\/x.com\/ergagranit","https:\/\/www.instagram.com\/ergagranit\/"]}]}},"_links":{"self":[{"href":"https:\/\/www.ergagranit.com.tr\/magaza\/wp-json\/wp\/v2\/pages\/8276","targetHints":{"allow":["GET"]}}],"collection":[{"href":"https:\/\/www.ergagranit.com.tr\/magaza\/wp-json\/wp\/v2\/pages"}],"about":[{"href":"https:\/\/www.ergagranit.com.tr\/magaza\/wp-json\/wp\/v2\/types\/page"}],"author":[{"embeddable":true,"href":"https:\/\/www.ergagranit.com.tr\/magaza\/wp-json\/wp\/v2\/users\/1"}],"replies":[{"embeddable":true,"href":"https:\/\/www.ergagranit.com.tr\/magaza\/wp-json\/wp\/v2\/comments?post=8276"}],"version-history":[{"count":28,"href":"https:\/\/www.ergagranit.com.tr\/magaza\/wp-json\/wp\/v2\/pages\/8276\/revisions"}],"predecessor-version":[{"id":12803,"href":"https:\/\/www.ergagranit.com.tr\/magaza\/wp-json\/wp\/v2\/pages\/8276\/revisions\/12803"}],"wp:attachment":[{"href":"https:\/\/www.ergagranit.com.tr\/magaza\/wp-json\/wp\/v2\/media?parent=8276"}],"curies":[{"name":"wp","href":"https:\/\/api.w.org\/{rel}","templated":true}]}}